{"id":15,"date":"2020-04-28T07:41:54","date_gmt":"2020-04-28T07:41:54","guid":{"rendered":"http:\/\/ninzio.com\/sanfran\/?page_id=15"},"modified":"2021-11-11T16:51:47","modified_gmt":"2021-11-11T22:51:47","slug":"fumigaciones-cr","status":"publish","type":"page","link":"https:\/\/jymdrenajesdestaqueos.com\/?page_id=15","title":{"rendered":"Otros servicios"},"content":{"rendered":"<div class=\"wpb-content-wrapper\"><p>[vc_row full_width=\u00bbstretch_row\u00bb canvas=\u00bb%5B%7B%22element%22%3A%22image%22%2C%22shape%22%3A%22shape-1%22%2C%22image_effect%22%3A%22style-1%22%2C%22smoothness%22%3A%2230%22%7D%5D\u00bb css=\u00bb.vc_custom_1589941280213{background-color: #f3f5fb !important;}\u00bb][vc_column]<div class=\"deeper-spacer clearfix\" data-config='{\"desktop\":50,\"mobile\":80,\"smobile\":60}'><\/div><div class=\"deeper-spacer clearfix\" data-config='{\"desktop\":100,\"mobile\":55,\"smobile\":35}'><\/div><div class=\"deeper-special-text style-1 align-center  wow fadeInUp\" style=\"\"  data-wow-duration=\"0.75s\" data-wow-delay=\"0.3s\" data-inviewport=\"yes\">\r\n\t\t\t\t\t\t<div class=\"inner\">\r\n\t\t\t\t\t\t\t<h2 class=\"text \" style=\"font-size:28px;line-height:34px;padding:0 0 25px;max-width:470px;\"><h1 class=\"font_0\" style=\"text-align: center;\"><span class=\"color_11\">Sobre <\/span><\/h1>\n<h1 class=\"font_0\" style=\"text-align: center;\"><span class=\"color_11\">nuestro <\/span><span class=\"color_11\">trabajo<\/span><\/h1>\n<\/h2>\r\n\t\t\t\t\t\t\t<span class=\"line \" style=\"width:80px;\"><\/span>\r\n\t\t\t\t\t\t<\/div>\r\n\t\t\t\t\t<\/div><div class=\"deeper-text align-center  text-has-width\" style=\"font-size:18px;line-height:27px;max-width:640px;\" ><p class=\"font_8\"><span class=\"color_11\">En Multiservicios JyM nos enfocamos en brindar a nuestros clientes un servicio con alta calidad, vinculado con la protecci\u00f3n y armon\u00eda con el medio ambiente utilizando productos amigables y maquinaria de \u00faltima generaci\u00f3n.<\/span><\/span>\n<\/div><div class=\"deeper-spacer clearfix\" data-config='{\"desktop\":30,\"mobile\":80,\"smobile\":60}'><\/div><div class=\"deeper-spacer clearfix\" data-config='{\"desktop\":75,\"mobile\":55,\"smobile\":35}'><\/div>[\/vc_column][\/vc_row][vc_row][vc_column]<div class=\"deeper-spacer clearfix\" data-config='{\"desktop\":75,\"mobile\":55,\"smobile\":35}'><\/div><div class=\"deeper-text align-left  wow fadeInUp\" style=\"font-size:15px;line-height:24px;letter-spacing:0.25px;margin-bottom:17px;color:#afbbc6;\"  data-wow-duration=\"0.75s\" data-wow-delay=\"0.3s\"><span>Tenemos a su disposici\u00f3n el servicio de destaqueo y limpieza de tuber\u00edas, limpieza de trampas de grasas, limpieza de tanques s\u00e9pticos, cajas de registro, aguas negras, fontaner\u00eda y fumigaci\u00f3n de interiores y exteriores.<\/span>\n<\/div><div class=\"deeper-special-text style-1 align-left  wow fadeInUp\" style=\"\"  data-wow-duration=\"0.75s\" data-wow-delay=\"0.3s\" data-inviewport=\"yes\">\r\n\t\t\t\t\t\t<div class=\"inner\">\r\n\t\t\t\t\t\t\t<h2 class=\"text \" style=\"font-size:28px;line-height:34px;padding:0 0 25px;max-width:470px;\"><span>Trabajamos donde<\/span>\n<span>nos necesit\u00e9s<\/span>\n<\/h2>\r\n\t\t\t\t\t\t\t<span class=\"line \" style=\"width:80px;\"><\/span>\r\n\t\t\t\t\t\t<\/div>\r\n\t\t\t\t\t<\/div><div class=\"deeper-spacer clearfix\" data-config='{\"desktop\":80,\"mobile\":60,\"smobile\":40}'><\/div>[vc_row_inner][vc_column_inner width=\u00bb1\/2&#8243; offset=\u00bbvc_col-md-3 vc_col-xs-12&#8243;]<div class=\"deeper-piechart   wow fadeInUp\"  data-wow-duration=\"0.75s\" data-wow-delay=\"0.3s\">\n\t\t\t\t\t<div class=\"piechart\" data-value=\"100\" style=\"margin-bottom:45px\">\n\t\t\t\t\t\t<div class=\"inner-circle\"><\/div>\n\t\t\t\t\t<\/div>\n\t\t\t\t\t<h5 class=\"title\">Calidad en nuestros trabajos.<\/h5>\n\n\t\t\t\t<\/div><div class=\"deeper-spacer clearfix\" data-config='{\"mobile\":60,\"smobile\":60}'><\/div>[\/vc_column_inner][vc_column_inner width=\u00bb1\/2&#8243; offset=\u00bbvc_col-md-3 vc_col-xs-12&#8243;]<div class=\"deeper-piechart   wow fadeInUp\"  data-wow-duration=\"0.75s\" data-wow-delay=\"0.3s\">\n\t\t\t\t\t<div class=\"piechart\" data-value=\"100\" style=\"margin-bottom:45px\">\n\t\t\t\t\t\t<div class=\"inner-circle\"><\/div>\n\t\t\t\t\t<\/div>\n\t\t\t\t\t<h5 class=\"title\">Atenci\u00f3n las 24hrs.<\/h5>\n\n\t\t\t\t<\/div><div class=\"deeper-spacer clearfix\" data-config='{\"mobile\":60,\"smobile\":60}'><\/div>[\/vc_column_inner][vc_column_inner width=\u00bb1\/2&#8243; offset=\u00bbvc_col-md-3 vc_col-xs-12&#8243;]<div class=\"deeper-piechart   wow fadeInUp\"  data-wow-duration=\"0.75s\" data-wow-delay=\"0.3s\">\n\t\t\t\t\t<div class=\"piechart\" data-value=\"100\" style=\"margin-bottom:45px\">\n\t\t\t\t\t\t<div class=\"inner-circle\"><\/div>\n\t\t\t\t\t<\/div>\n\t\t\t\t\t<h5 class=\"title\">Llegamos a donde nos necesit\u00e9s.<\/h5>\n\n\t\t\t\t<\/div><div class=\"deeper-spacer clearfix\" data-config='{\"mobile\":60,\"smobile\":60}'><\/div>[\/vc_column_inner][vc_column_inner width=\u00bb1\/2&#8243; offset=\u00bbvc_col-md-3 vc_col-xs-12&#8243;]<div class=\"deeper-piechart   wow fadeInUp\"  data-wow-duration=\"0.75s\" data-wow-delay=\"0.3s\">\n\t\t\t\t\t<div class=\"piechart\" data-value=\"100\" style=\"margin-bottom:45px\">\n\t\t\t\t\t\t<div class=\"inner-circle\"><\/div>\n\t\t\t\t\t<\/div>\n\t\t\t\t\t<h5 class=\"title\">Encontrar\u00e1s los mejores precios.<\/h5>\n\n\t\t\t\t<\/div><div class=\"deeper-spacer clearfix\" data-config='{\"mobile\":60,\"smobile\":60}'><\/div>[\/vc_column_inner][\/vc_row_inner]<div class=\"deeper-spacer clearfix\" data-config='{\"desktop\":100,\"mobile\":80,\"smobile\":60}'><\/div>[\/vc_column][\/vc_row][vc_row full_width=\u00bbstretch_row\u00bb column_spacing=\u00bb30px\u00bb canvas=\u00bb%5B%7B%22element%22%3A%22image%22%2C%22shape%22%3A%22shape-1%22%2C%22image_effect%22%3A%22style-1%22%2C%22smoothness%22%3A%2230%22%7D%5D\u00bb css=\u00bb.vc_custom_1589944250539{background-color: #f3f5fb !important;}\u00bb][vc_column]<div class=\"deeper-spacer clearfix\" data-config='{\"desktop\":50,\"mobile\":80,\"smobile\":60}'><\/div><div class=\"deeper-special-text style-1 align-center  wow fadeInUp\" style=\"\"  data-wow-duration=\"0.75s\" data-wow-delay=\"0.3s\" data-inviewport=\"yes\">\r\n\t\t\t\t\t\t<div class=\"inner\">\r\n\t\t\t\t\t\t\t<h2 class=\"text \" style=\"font-size:28px;line-height:34px;padding:0 0 25px;max-width:470px;\"><span>Ofrecemos&#8230;<\/span>\n<\/h2>\r\n\t\t\t\t\t\t\t<span class=\"line \" style=\"width:80px;\"><\/span>\r\n\t\t\t\t\t\t<\/div>\r\n\t\t\t\t\t<\/div><div class=\"deeper-spacer clearfix\" data-config='{\"desktop\":75,\"mobile\":80,\"smobile\":60}'><\/div>[vc_row_inner equal_height=\u00bbyes\u00bb content_placement=\u00bbmiddle\u00bb][vc_column_inner offset=\u00bbvc_col-md-6&#8243;]<div class=\"deeper-special-text style-1 align-left  wow fadeInUp\" style=\"\"  data-wow-duration=\"0.75s\" data-wow-delay=\"0.3s\" data-inviewport=\"yes\">\r\n\t\t\t\t\t\t<div class=\"inner\">\r\n\t\t\t\t\t\t\t<h2 class=\"text \" style=\"font-size:28px;line-height:34px;padding:0 0 25px;max-width:470px;\"><span>Servicios de urgencia<\/span>\n<\/h2>\r\n\t\t\t\t\t\t\t<span class=\"line \" style=\"width:80px;\"><\/span>\r\n\t\t\t\t\t\t<\/div>\r\n\t\t\t\t\t<\/div><div class=\"deeper-spacer clearfix\" data-config='{\"desktop\":30,\"mobile\":80,\"smobile\":60}'><\/div><div class=\"deeper-text align-left \" style=\"\" ><span>Estamos esperando su llamada<\/span>\n<\/div><div class=\"deeper-spacer clearfix\" data-config='{\"desktop\":40,\"mobile\":40,\"smobile\":40}'><\/div><div class=\"deeper-text align-left \" style=\"\" ><span>Si su caso es una emergencia, comun\u00edquese al +506 6157-7774 o al +506 7194-3135, ser\u00e1 un gusto atenderle.<\/span>\n<\/div><div class=\"deeper-spacer clearfix\" data-config='{\"desktop\":40,\"mobile\":40,\"smobile\":40}'><\/div><div class=\"deeper-text align-left \" style=\"\" ><span>Tambi\u00e9n pod\u00e9s remitirnos tu consulta por el siguiente medio:<\/span>\n<\/div><div class=\"deeper-spacer clearfix\" data-config='{\"desktop\":70,\"mobile\":70,\"smobile\":70}'><\/div><div class=\"url-wrap  align-left\">\r\n\t\t\t\t\t\t<a class=\"deeper-button outline outline-accent medium\" style=\"\" href=tel:50661577774 >Hac\u00e9 click ac\u00e1<\/a>\r\n\t\t\t\t\t<\/div>[\/vc_column_inner][vc_column_inner offset=\u00bbvc_col-md-6&#8243;]<div class=\"deeper-spacer clearfix\" data-config='{\"mobile\":30,\"smobile\":30}'><\/div><div class=\"deeper-content-box clearfix ctb-1109015577 wow fadeInUp\" style=\"\" data-config='{\"padding\":\"0\",\"mobiPadding\":\"0\",\"margin\":\"0 0 0 35px\",\"mobiMargin\":\"0\",\"borderStyleHover\":\"solid\"}' data-wow-duration=\"0.75s\" data-wow-delay=\"0.3s\">\r\n\t\t\t\t\t<div class=\"inner \" style=\"\">\r\n\t\t\t\t\t\t<div class=\"deeper-fancy-image reveal  lr \"   data-inviewport=\"yes\">\r\n\t\t\t\t\t\t\t<figure style=\"border-radius:20px;overflow:hidden;\"><img decoding=\"async\" alt=\"image\" data-src=\"https:\/\/jymdrenajesdestaqueos.com\/wp-content\/uploads\/2021\/11\/Destaqueos-en-Costa-Rica.png\" src=\"data:image\/gif;base64,R0lGODlhAQABAAAAACH5BAEKAAEALAAAAAABAAEAAAICTAEAOw==\" class=\"lazyload\" style=\"--smush-placeholder-width: 535px; --smush-placeholder-aspect-ratio: 535\/500;\" \/><noscript><img decoding=\"async\" alt=\"image\" src=\"https:\/\/jymdrenajesdestaqueos.com\/wp-content\/uploads\/2021\/11\/Destaqueos-en-Costa-Rica.png\" \/><\/noscript> <\/figure>\r\n\t\t\t\t\t\t<\/div>\r\n\t\t\t\t\t<\/div>\r\n\t\t\t\t\t\r\n\t\t\t\t<\/div>[\/vc_column_inner][\/vc_row_inner]<div class=\"deeper-spacer clearfix\" data-config='{\"desktop\":120,\"mobile\":60,\"smobile\":30}'><\/div>[vc_row_inner equal_height=\u00bbyes\u00bb content_placement=\u00bbmiddle\u00bb][vc_column_inner offset=\u00bbvc_col-md-6&#8243;]<div class=\"deeper-content-box clearfix ctb-469216332 wow fadeInUp\" style=\"\" data-config='{\"padding\":\"0\",\"mobiPadding\":\"0\",\"margin\":\"0 35px 0 0\",\"mobiMargin\":\"0\",\"borderStyleHover\":\"solid\"}' data-wow-duration=\"0.75s\" data-wow-delay=\"0.3s\">\r\n\t\t\t\t\t<div class=\"inner \" style=\"\">\r\n\t\t\t\t\t\t<div class=\"deeper-fancy-image reveal  lr \"   data-inviewport=\"yes\">\r\n\t\t\t\t\t\t\t<figure style=\"border-radius:20px;overflow:hidden;\"><img decoding=\"async\" alt=\"image\" data-src=\"https:\/\/jymdrenajesdestaqueos.com\/wp-content\/uploads\/2021\/11\/Drenajes-Costa-Rica-1.png\" src=\"data:image\/gif;base64,R0lGODlhAQABAAAAACH5BAEKAAEALAAAAAABAAEAAAICTAEAOw==\" class=\"lazyload\" style=\"--smush-placeholder-width: 535px; --smush-placeholder-aspect-ratio: 535\/500;\" \/><noscript><img decoding=\"async\" alt=\"image\" src=\"https:\/\/jymdrenajesdestaqueos.com\/wp-content\/uploads\/2021\/11\/Drenajes-Costa-Rica-1.png\" \/><\/noscript> <\/figure>\r\n\t\t\t\t\t\t<\/div>\r\n\t\t\t\t\t<\/div>\r\n\t\t\t\t\t\r\n\t\t\t\t<\/div><div class=\"deeper-spacer clearfix\" data-config='{\"mobile\":30,\"smobile\":30}'><\/div>[\/vc_column_inner][vc_column_inner offset=\u00bbvc_col-md-6&#8243;]<div class=\"deeper-special-text style-1 align-left  wow fadeInUp\" style=\"\"  data-wow-duration=\"0.75s\" data-wow-delay=\"0.3s\" data-inviewport=\"yes\">\r\n\t\t\t\t\t\t<div class=\"inner\">\r\n\t\t\t\t\t\t\t<h2 class=\"text \" style=\"font-size:28px;line-height:34px;padding:0 0 25px;max-width:470px;\"><span>Limpieza de tuber\u00edas<\/span>\n<\/h2>\r\n\t\t\t\t\t\t\t<span class=\"line \" style=\"width:80px;\"><\/span>\r\n\t\t\t\t\t\t<\/div>\r\n\t\t\t\t\t<\/div><div class=\"deeper-spacer clearfix\" data-config='{\"desktop\":30,\"mobile\":80,\"smobile\":60}'><\/div><div class=\"deeper-text align-left \" style=\"\" ><span><span style=\"font-weight: 400;\">Contamos con maquinaria y productos de \u00faltima generaci\u00f3n, permiti\u00e9ndonos ofrecerle una alta calidad de <\/span><b>limpieza de tuber\u00edas<\/b><span style=\"font-weight: 400;\"> de su hogar, empresa, local comercial, condominio, complejo de apartamentos, entre otros. Sabemos profesionalmente la importancia de una adecuada limpieza de tuber\u00edas despu\u00e9s de solucionar un problema de destaqueo, con el fin de eliminar por m\u00e1s tiempo los residuos y los malos olores que se producen en las tuber\u00edas de desag\u00fce de lavatorios, ba\u00f1os y fregaderos sin importar que estos est\u00e9n localizados en parking, s\u00f3tanos, zonas estrechas, etc. <\/span><\/span>\n<\/div><div class=\"deeper-spacer clearfix\" data-config='{\"desktop\":40,\"mobile\":40,\"smobile\":40}'><\/div><div class=\"deeper-icon-box clearfix icon-left align-left\" style=\"\" >\n\t\t\t\t\t<div class=\"deeper-icon icon-left align-left icon-font icon-699452608 accent-color\" data-config='{\"fontSize\":\"40px\"}'>\n\t\t\t\t\t\t\t<span class=\"icon-wrap\"><i class=\"ci-clock\"><\/i><\/span>\n\t\t\t\t\t\t<\/div> <h3 class=\"heading \" style=\"padding-left:50px;font-size:18px;margin-bottom:12px;\">\n\t\t\t\t\t\t<span>Podr\u00e1 contratar nuestros servicios las 24 horas, los 7 d\u00edas de la semana.<\/span>\n\t\t\t\t\t<\/h3><div class=\"desc \" style=\"padding-left:50px;font-size:16px;line-height:27px;\"><p>Con la finalizaci\u00f3n de poder resolver su problema lo m\u00e1s pronto posibles, ya que en nuestra empresa valoramos la confianza depositada en nosotros, respondiendo sus solicitudes con personal altamente capacitaci\u00f3n para dar efectividad en la soluci\u00f3n de sus problemas de destaqueo de tuber\u00edas, valorando los resultados en el menor tiempo posible, entregando resultados garantizados y un trato respetuoso, amable hacia el cliente.<\/p>\n<\/div> \n\t\t\t\t<\/div><div class=\"deeper-spacer clearfix\" data-config='{\"desktop\":70,\"mobile\":40,\"smobile\":40}'><\/div><div class=\"url-wrap  align-left\">\r\n\t\t\t\t\t\t<a class=\"deeper-button outline outline-accent medium\" style=\"\" href=tel:50661577774 >\u00a1Llamar ahora!<\/a>\r\n\t\t\t\t\t<\/div>[\/vc_column_inner][\/vc_row_inner]<div class=\"deeper-spacer clearfix\" data-config='{\"desktop\":120,\"mobile\":60,\"smobile\":30}'><\/div>[vc_row_inner equal_height=\u00bbyes\u00bb content_placement=\u00bbmiddle\u00bb][vc_column_inner offset=\u00bbvc_col-md-6&#8243;]<div class=\"deeper-special-text style-1 align-left  wow fadeInUp\" style=\"\"  data-wow-duration=\"0.75s\" data-wow-delay=\"0.3s\" data-inviewport=\"yes\">\r\n\t\t\t\t\t\t<div class=\"inner\">\r\n\t\t\t\t\t\t\t<h2 class=\"text \" style=\"font-size:28px;line-height:34px;padding:0 0 25px;max-width:470px;\"><span>Servicios de Fumigaci\u00f3n<\/span>\n<\/h2>\r\n\t\t\t\t\t\t\t<span class=\"line \" style=\"width:80px;\"><\/span>\r\n\t\t\t\t\t\t<\/div>\r\n\t\t\t\t\t<\/div><div class=\"deeper-spacer clearfix\" data-config='{\"desktop\":30,\"mobile\":80,\"smobile\":60}'><\/div><div class=\"deeper-text align-left \" style=\"\" ><span>En Multiservcios JyM, sabemos lo esencial que es prevenir la presencia de insectos, ar\u00e1cnidos y roedores que puedan quebrantar la salud de nuestras familias; por ello nos enfocamos en brindarles a nuestros clientes un servicio con alta calidad y vinculado con la protecci\u00f3n y en armon\u00eda con el medio ambiente, utilizando el uso de productos biodegradables, que se encuentran avalados por el Ministerio de Salud<\/span>\n<\/div><div class=\"deeper-spacer clearfix\" data-config='{\"desktop\":40,\"mobile\":40,\"smobile\":40}'><\/div><div class=\"deeper-text align-left \" style=\"\" ><span>La fumigaci\u00f3n es un tratamiento de control de plagas basado en el uso de fumigantes. Un fumigante es un agente qu\u00edmico que, a temperatura y presi\u00f3n normales, se encuentra en forma gaseosa y que puede mantenerse a una concentraci\u00f3n suficiente para eliminar las plagas.<\/span>\n<\/div><div class=\"deeper-spacer clearfix\" data-config='{\"desktop\":40,\"mobile\":40,\"smobile\":40}'><\/div><div class=\"deeper-text align-left \" style=\"\" ><span>La importancia de las fumigaciones y control de plagas, se enfoca en la prevenci\u00f3n y saneamiento e higiene ambiental, debido a la cantidad de enfermedades que se pueden contagiar, tanto en el hogar como en la empresa. Contar con una adecuada fumigaci\u00f3n, resulta altamente efectiva en la erradicaci\u00f3n de pestes y plagas, sin embargo, es necesario seguir ciertas pautas y recomendaciones tanto antes como despu\u00e9s de una fumigaci\u00f3n contra insectos para un mejor resultado.<\/span>\n<\/div><div class=\"deeper-spacer clearfix\" data-config='{\"desktop\":40,\"mobile\":40,\"smobile\":40}'><\/div><div class=\"deeper-spacer clearfix\" data-config='{\"desktop\":50,\"mobile\":70,\"smobile\":70}'><\/div><div class=\"url-wrap  align-left\">\r\n\t\t\t\t\t\t<a class=\"deeper-button outline outline-accent medium\" style=\"\" href=tel:50661577774 >Conversemos<\/a>\r\n\t\t\t\t\t<\/div>[\/vc_column_inner][vc_column_inner offset=\u00bbvc_col-md-6&#8243;]<div class=\"deeper-content-box clearfix ctb-1469608200 wow fadeInUp\" style=\"\" data-config='{\"padding\":\"0\",\"mobiPadding\":\"0\",\"margin\":\"0 0 0 35px\",\"mobiMargin\":\"0\",\"borderStyleHover\":\"solid\"}' data-wow-duration=\"0.75s\" data-wow-delay=\"0.3s\">\r\n\t\t\t\t\t<div class=\"inner \" style=\"\">\r\n\t\t\t\t\t\t<div class=\"deeper-fancy-image reveal  lr \"   data-inviewport=\"yes\">\r\n\t\t\t\t\t\t\t<figure style=\"border-radius:20px;overflow:hidden;\"><img decoding=\"async\" alt=\"image\" data-src=\"https:\/\/jymdrenajesdestaqueos.com\/wp-content\/uploads\/2020\/05\/layered-image-3-1.jpg\" src=\"data:image\/gif;base64,R0lGODlhAQABAAAAACH5BAEKAAEALAAAAAABAAEAAAICTAEAOw==\" class=\"lazyload\" style=\"--smush-placeholder-width: 535px; --smush-placeholder-aspect-ratio: 535\/500;\" \/><noscript><img decoding=\"async\" alt=\"image\" src=\"https:\/\/jymdrenajesdestaqueos.com\/wp-content\/uploads\/2020\/05\/layered-image-3-1.jpg\" \/><\/noscript> <\/figure>\r\n\t\t\t\t\t\t<\/div>\r\n\t\t\t\t\t<\/div>\r\n\t\t\t\t\t\r\n\t\t\t\t<\/div>[\/vc_column_inner][\/vc_row_inner]<div class=\"deeper-spacer clearfix\" data-config='{\"desktop\":100,\"mobile\":80,\"smobile\":60}'><\/div><div class=\"deeper-spacer clearfix\" data-config='{\"desktop\":75,\"mobile\":80,\"smobile\":60}'><\/div>[\/vc_column][\/vc_row][vc_row column_spacing=\u00bb0px\u00bb canvas=\u00bb%5B%7B%22element%22%3A%22image%22%2C%22shape%22%3A%22shape-1%22%2C%22image_effect%22%3A%22style-1%22%2C%22smoothness%22%3A%2230%22%7D%5D\u00bb el_class=\u00bboverflow-visible\u00bb][vc_column][vc_row_inner column_inner_spacing=\u00bb30px\u00bb][vc_column_inner]<div class=\"deeper-spacer clearfix\" data-config='{\"desktop\":100,\"mobile\":80,\"smobile\":60}'><\/div><div class=\"deeper-special-text style-1 align-center  wow fadeInUp\" style=\"\"  data-wow-duration=\"0.75s\" data-wow-delay=\"0.3s\" data-inviewport=\"yes\">\r\n\t\t\t\t\t\t<div class=\"inner\">\r\n\t\t\t\t\t\t\t<h2 class=\"text \" style=\"font-size:28px;line-height:34px;padding:0 0 25px;max-width:470px;\"><p style=\"text-align: center;\">Contamos con personal altamente calificado.<\/span>\n<\/h2>\r\n\t\t\t\t\t\t\t<span class=\"line \" style=\"width:80px;\"><\/span>\r\n\t\t\t\t\t\t<\/div>\r\n\t\t\t\t\t<\/div><div class=\"deeper-spacer clearfix\" data-config='{\"desktop\":50,\"mobile\":55,\"smobile\":35}'><\/div><div class=\"deeper-text align-left \" style=\"\" ><p style=\"text-align: center;\">En Multiservicios JyM, valoramos la confianza depositada en nosotros, respondiendo sus solicitudes con personal altamente capacitado para dar efectividad en la soluci\u00f3n de sus problemas de destaqueo de tuber\u00edas, valorando los resultados en el menor tiempo posible, entregando resultados garantizados con un trato respetuoso y amable hacia nuestros clientes.<\/span>\n<\/div><div class=\"deeper-spacer clearfix\" data-config='{\"desktop\":50,\"mobile\":55,\"smobile\":35}'><\/div><div class=\"deeper-text align-left \" style=\"\" ><p style=\"text-align: center;\">Adicionalmente mejoramos cualquier oferta del mercado, ofreciendo los mejores precios a cada uno de nuestros usuarios, con la finalidad de velar por la satisfacci\u00f3n de cada servicio brindado.<\/span>\n<\/div><div class=\"deeper-spacer clearfix\" data-config='{\"desktop\":50,\"mobile\":55,\"smobile\":35}'><\/div><div class=\"deeper-text align-left \" style=\"\" ><p style=\"text-align: center;\">Adem\u00e1s ofrecemos garant\u00eda real de cada uno de nuestros servicios sin ning\u00fan coste adicional, ya que la satisfacci\u00f3n y confianza de nuestros clientes es la mejor carta de recomendaci\u00f3n para nuestra empresa.<\/span>\n<\/div><div class=\"deeper-spacer clearfix\" data-config='{\"desktop\":50,\"mobile\":55,\"smobile\":35}'><\/div><div class=\"deeper-special-text style-1 align-center  wow fadeInUp\" style=\"\"  data-wow-duration=\"0.75s\" data-wow-delay=\"0.3s\" data-inviewport=\"yes\">\r\n\t\t\t\t\t\t<div class=\"inner\">\r\n\t\t\t\t\t\t\t<h2 class=\"text \" style=\"font-size:28px;line-height:34px;padding:0 0 25px;max-width:470px;\"><p style=\"text-align: center;\">\u00bfDesea un servicio con nosotros?<\/span>\n<\/h2>\r\n\t\t\t\t\t\t\t<span class=\"line \" style=\"width:80px;\"><\/span>\r\n\t\t\t\t\t\t<\/div>\r\n\t\t\t\t\t<\/div><div class=\"deeper-spacer clearfix\" data-config='{\"desktop\":50,\"mobile\":55,\"smobile\":35}'><\/div><div class=\"url-wrap  align-center\">\r\n\t\t\t\t\t\t<a class=\"deeper-button outline outline-accent medium\" style=\"\" href=tel:50661577774 title=&quot;Blog&quot; >\u00a1Cont\u00e1ctenos!<\/a>\r\n\t\t\t\t\t<\/div><div class=\"deeper-spacer clearfix\" data-config='{\"desktop\":50,\"mobile\":55,\"smobile\":35}'><\/div><div class=\"deeper-spacer clearfix\" data-config='{\"desktop\":120,\"mobile\":100,\"smobile\":80}'><\/div>[\/vc_column_inner][\/vc_row_inner][\/vc_column][\/vc_row]<\/p>\n<\/div>","protected":false},"excerpt":{"rendered":"<p>[vc_row full_width=\u00bbstretch_row\u00bb canvas=\u00bb%5B%7B%22element%22%3A%22image%22%2C%22shape%22%3A%22shape-1%22%2C%22image_effect%22%3A%22style-1%22%2C%22smoothness%22%3A%2230%22%7D%5D\u00bb css=\u00bb.vc_custom_1589941280213{background-color: #f3f5fb !important;}\u00bb][vc_column][\/vc_column][\/vc_row][vc_row][vc_column][vc_row_inner][vc_column_inner width=\u00bb1\/2&#8243; offset=\u00bbvc_col-md-3 vc_col-xs-12&#8243;][\/vc_column_inner][vc_column_inner width=\u00bb1\/2&#8243; offset=\u00bbvc_col-md-3 vc_col-xs-12&#8243;][\/vc_column_inner][vc_column_inner width=\u00bb1\/2&#8243; offset=\u00bbvc_col-md-3 vc_col-xs-12&#8243;][\/vc_column_inner][vc_column_inner width=\u00bb1\/2&#8243; offset=\u00bbvc_col-md-3 vc_col-xs-12&#8243;][\/vc_column_inner][\/vc_row_inner][\/vc_column][\/vc_row][vc_row full_width=\u00bbstretch_row\u00bb column_spacing=\u00bb30px\u00bb canvas=\u00bb%5B%7B%22element%22%3A%22image%22%2C%22shape%22%3A%22shape-1%22%2C%22image_effect%22%3A%22style-1%22%2C%22smoothness%22%3A%2230%22%7D%5D\u00bb css=\u00bb.vc_custom_1589944250539{background-color: #f3f5fb !important;}\u00bb][vc_column][vc_row_inner equal_height=\u00bbyes\u00bb content_placement=\u00bbmiddle\u00bb][vc_column_inner offset=\u00bbvc_col-md-6&#8243;][\/vc_column_inner][vc_column_inner offset=\u00bbvc_col-md-6&#8243;][\/vc_column_inner][\/vc_row_inner][vc_row_inner equal_height=\u00bbyes\u00bb content_placement=\u00bbmiddle\u00bb][vc_column_inner offset=\u00bbvc_col-md-6&#8243;][\/vc_column_inner][vc_column_inner offset=\u00bbvc_col-md-6&#8243;][\/vc_column_inner][\/vc_row_inner][vc_row_inner equal_height=\u00bbyes\u00bb content_placement=\u00bbmiddle\u00bb][vc_column_inner offset=\u00bbvc_col-md-6&#8243;][\/vc_column_inner][vc_column_inner offset=\u00bbvc_col-md-6&#8243;][\/vc_column_inner][\/vc_row_inner][\/vc_column][\/vc_row][vc_row column_spacing=\u00bb0px\u00bb canvas=\u00bb%5B%7B%22element%22%3A%22image%22%2C%22shape%22%3A%22shape-1%22%2C%22image_effect%22%3A%22style-1%22%2C%22smoothness%22%3A%2230%22%7D%5D\u00bb el_class=\u00bboverflow-visible\u00bb][vc_column][vc_row_inner column_inner_spacing=\u00bb30px\u00bb][vc_column_inner][\/vc_column_inner][\/vc_row_inner][\/vc_column][\/vc_row]<\/p>\n","protected":false},"author":1,"featured_media":0,"parent":0,"menu_order":0,"comment_status":"closed","ping_status":"closed","template":"","meta":{"footnotes":""},"class_list":["post-15","page","type-page","status-publish","hentry"],"_links":{"self":[{"href":"https:\/\/jymdrenajesdestaqueos.com\/index.php?rest_route=\/wp\/v2\/pages\/15","targetHints":{"allow":["GET"]}}],"collection":[{"href":"https:\/\/jymdrenajesdestaqueos.com\/index.php?rest_route=\/wp\/v2\/pages"}],"about":[{"href":"https:\/\/jymdrenajesdestaqueos.com\/index.php?rest_route=\/wp\/v2\/types\/page"}],"author":[{"embeddable":true,"href":"https:\/\/jymdrenajesdestaqueos.com\/index.php?rest_route=\/wp\/v2\/users\/1"}],"replies":[{"embeddable":true,"href":"https:\/\/jymdrenajesdestaqueos.com\/index.php?rest_route=%2Fwp%2Fv2%2Fcomments&post=15"}],"version-history":[{"count":0,"href":"https:\/\/jymdrenajesdestaqueos.com\/index.php?rest_route=\/wp\/v2\/pages\/15\/revisions"}],"wp:attachment":[{"href":"https:\/\/jymdrenajesdestaqueos.com\/index.php?rest_route=%2Fwp%2Fv2%2Fmedia&parent=15"}],"curies":[{"name":"wp","href":"https:\/\/api.w.org\/{rel}","templated":true}]}}