{"id":14,"date":"2020-04-28T07:41:48","date_gmt":"2020-04-28T07:41:48","guid":{"rendered":"http:\/\/ninzio.com\/sanfran\/?page_id=14"},"modified":"2021-11-11T16:10:44","modified_gmt":"2021-11-11T22:10:44","slug":"empresa-multiservicios","status":"publish","type":"page","link":"https:\/\/jymdrenajesdestaqueos.com\/?page_id=14","title":{"rendered":"Nuestra empresa"},"content":{"rendered":"<div class=\"wpb-content-wrapper\"><p>[vc_row][vc_column]<div class=\"deeper-spacer clearfix\" data-config='{\"desktop\":150,\"mobile\":80,\"smobile\":60}'><\/div><div class=\"deeper-spacer clearfix\" data-config='{\"desktop\":100,\"mobile\":80,\"smobile\":60}'><\/div>[vc_row_inner equal_height=\u00bbyes\u00bb content_placement=\u00bbmiddle\u00bb column_inner_spacing=\u00bb30px\u00bb][vc_column_inner offset=\u00bbvc_col-md-6&#8243;]<div class=\"deeper-content-box clearfix ctb-125137539\" style=\"\" data-config='{\"padding\":\"0 90px 0 0\",\"mobiPadding\":\"\",\"margin\":\"\",\"mobiMargin\":\"0\",\"borderStyleHover\":\"solid\"}'>\r\n\t\t\t\t\t<div class=\"inner \" style=\"\">\r\n\t\t\t\t\t\t<div class=\"deeper-text align-left \" style=\"font-size:15px;line-height:24px;letter-spacing:0.25px;margin-bottom:17px;color:#81d742;\" ><span>Fontaner\u00eda &#8211; Tanques S\u00e9pticos &#8211; Destaqueos &#8211; Fumigaciones &#8211; Construcci\u00f3n de Drenajes.<\/span>\n<\/div><div class=\"deeper-special-text style-1 align-left \" style=\"margin:0 0 40px;\"  data-inviewport=\"yes\">\r\n\t\t\t\t\t\t<div class=\"inner\">\r\n\t\t\t\t\t\t\t<h2 class=\"text \" style=\"font-size:28px;line-height:34px;padding:0 0 20px;\"><p class=\"font_0\">Quienes somos.<\/span>\n<\/h2>\r\n\t\t\t\t\t\t\t<span class=\"line  bg-accent\" style=\"width:80px;height:2px;\"><\/span>\r\n\t\t\t\t\t\t<\/div>\r\n\t\t\t\t\t<\/div><div class=\"deeper-text align-left \" style=\"font-size:18px;line-height:27px;\" ><p class=\"font_8\">En Multi Servicio JyM, nos caracterizamos por ser una empresa 100% costarricense, nos especializamos por ofrecer nuestros servicios enfoc\u00e1ndonos en su satisfacci\u00f3n, distingui\u00e9ndonos en ofrecer servicios con la mejor calidad del mercado y los mejores precios.<\/span>\n<\/div><div class=\"deeper-spacer clearfix\" data-config='{\"desktop\":60,\"mobile\":50,\"smobile\":40}'><\/div><div class=\"deeper-text align-left \" style=\"font-size:18px;line-height:27px;\" ><span>Nuestra visi\u00f3n es brindar la seguridad de su hogar, empresa, local comercial, condominio, complejo de apartamentos; solucionamos eficazmente su problema en el menor tiempo posible, contando con equipo de \u00faltima generaci\u00f3n.<\/span>\n<\/div><div class=\"deeper-spacer clearfix\" data-config='{\"desktop\":50,\"mobile\":80,\"smobile\":60}'><\/div><div class=\"url-wrap  align-left\">\r\n\t\t\t\t\t\t<a class=\"deeper-button button-accent medium\" style=\"\" href=tel:50661577774 >\u00a1Llam\u00e1 Ahora!<\/a>\r\n\t\t\t\t\t<\/div>\r\n\t\t\t\t\t<\/div>\r\n\t\t\t\t\t\r\n\t\t\t\t<\/div>[\/vc_column_inner][vc_column_inner offset=\u00bbvc_col-md-6&#8243;]<div class=\"deeper-spacer clearfix\" data-config='{\"mobile\":30,\"smobile\":30}'><\/div><div class=\"deeper-parallax-box\"><div class=\"parallax-wrap\"><div class=\"deeper-parallax-item  has-width\" style=\"left:15.79%;margin-top:46.334%;width:22.8%;\" data-parallax='{\"x\" : 30,\"y\" : 30, \"smoothness\" : 30}' data-top=\"46.334%\"><img decoding=\"async\" class=\"parallax-image lazyload\" data-src=\"https:\/\/jymdrenajesdestaqueos.com\/wp-content\/uploads\/2020\/05\/dots-blue-5x11-1.png\" alt=\"image\" src=\"data:image\/gif;base64,R0lGODlhAQABAAAAACH5BAEKAAEALAAAAAABAAEAAAICTAEAOw==\" style=\"--smush-placeholder-width: 260px; --smush-placeholder-aspect-ratio: 260\/510;\"><noscript><img decoding=\"async\" class=\"parallax-image\" src=\"https:\/\/jymdrenajesdestaqueos.com\/wp-content\/uploads\/2020\/05\/dots-blue-5x11-1.png\" alt=\"image\"><\/noscript><\/div><div class=\"deeper-parallax-item  has-width\" style=\"left:31.087%;margin-top:12.5%;width:64.913%;border-radius:20px;box-shadow:0 50px 70px 0 rgba(237,237,237,0.3);\" data-parallax='{\"x\" : 30,\"y\" : 0, \"smoothness\" : 30}' data-top=\"12.5%\"><img decoding=\"async\" class=\"parallax-image lazyload\" data-src=\"https:\/\/jymdrenajesdestaqueos.com\/wp-content\/uploads\/2021\/11\/Fumigaciones-CR.png\" alt=\"image\" src=\"data:image\/gif;base64,R0lGODlhAQABAAAAACH5BAEKAAEALAAAAAABAAEAAAICTAEAOw==\" style=\"--smush-placeholder-width: 400px; --smush-placeholder-aspect-ratio: 400\/500;\"><noscript><img decoding=\"async\" class=\"parallax-image\" src=\"https:\/\/jymdrenajesdestaqueos.com\/wp-content\/uploads\/2021\/11\/Fumigaciones-CR.png\" alt=\"image\"><\/noscript><\/div><div class=\"deeper-parallax-item  has-width\" style=\"width:56.14%;border-radius:20px;box-shadow:0 50px 30px 0 rgba(237,237,237,0.3);\" data-parallax='{\"x\" : -30,\"y\" : 0, \"smoothness\" : 30}' data-top=\"\"><img decoding=\"async\" class=\"parallax-image lazyload\" data-src=\"https:\/\/jymdrenajesdestaqueos.com\/wp-content\/uploads\/2021\/10\/Fumigaciones-Multiservicio-JyM.jpg\" alt=\"image\" src=\"data:image\/gif;base64,R0lGODlhAQABAAAAACH5BAEKAAEALAAAAAABAAEAAAICTAEAOw==\" style=\"--smush-placeholder-width: 400px; --smush-placeholder-aspect-ratio: 400\/500;\"><noscript><img decoding=\"async\" class=\"parallax-image\" src=\"https:\/\/jymdrenajesdestaqueos.com\/wp-content\/uploads\/2021\/10\/Fumigaciones-Multiservicio-JyM.jpg\" alt=\"image\"><\/noscript><\/div><\/div><\/div>[\/vc_column_inner][\/vc_row_inner]<div class=\"deeper-spacer clearfix\" data-config='{\"desktop\":100,\"mobile\":80,\"smobile\":60}'><\/div>[\/vc_column][\/vc_row][vc_row][vc_column width=\u00bb1\/2&#8243;]<div class=\"deeper-spacer clearfix\" data-config='{\"desktop\":100,\"mobile\":80,\"smobile\":60}'><\/div>[vc_hoverbox image=\u00bb4801&#8243; primary_title=\u00bb\u00bb primary_title_font_container=\u00bbcolor:%23000000&#8243; hover_title=\u00bbVisi\u00f3n\u00bb hover_title_font_container=\u00bbcolor:%2385bf81&#8243; use_custom_fonts_primary_title=\u00bbtrue\u00bb use_custom_fonts_hover_title=\u00bbtrue\u00bb]Ser una empresa costarricense consolidada en el servicio al cliente, brindado a nuestros clientes un trato digno, respetuoso, seguro y un trabajo de calidad, ofreciendo los mejores precios del mercado[\/vc_hoverbox]<div class=\"deeper-spacer clearfix\" data-config='{\"desktop\":100,\"mobile\":80,\"smobile\":60}'><\/div>[\/vc_column][vc_column width=\u00bb1\/2&#8243;]<div class=\"deeper-spacer clearfix\" data-config='{\"desktop\":100,\"mobile\":80,\"smobile\":60}'><\/div>[vc_hoverbox image=\u00bb4802&#8243; primary_title=\u00bb\u00bb primary_title_font_container=\u00bbcolor:%23000000&#8243; hover_title=\u00bbMisi\u00f3n\u00bb hover_title_font_container=\u00bbcolor:%2385bf81&#8243; use_custom_fonts_primary_title=\u00bbtrue\u00bb use_custom_fonts_hover_title=\u00bbtrue\u00bb]Avanzar en el desarrollo de un servicio moderno, facilitando a nuestros clientes la atenci\u00f3n y soluci\u00f3n de sus necesidades en destaqueo, limpieza de tuber\u00edas y fumigaci\u00f3n, brindando la seguridad en sus hogares con personal altamente calificado.[\/vc_hoverbox]<div class=\"deeper-spacer clearfix\" data-config='{\"desktop\":100,\"mobile\":80,\"smobile\":60}'><\/div>[\/vc_column][\/vc_row][vc_row full_width=\u00bbstretch_row\u00bb column_spacing=\u00bb30px\u00bb canvas=\u00bb%5B%7B%22element%22%3A%22image%22%2C%22shape%22%3A%22shape-1%22%2C%22image_effect%22%3A%22style-1%22%2C%22smoothness%22%3A%2230%22%7D%5D\u00bb css=\u00bb.vc_custom_1588781107839{background-color: #f3f5fb !important;}\u00bb][vc_column]<div class=\"deeper-spacer clearfix\" data-config='{\"desktop\":100,\"mobile\":80,\"smobile\":60}'><\/div><div class=\"deeper-content-box clearfix ctb-1747203012 wow fadeInUp\" style=\"\" data-config='{\"padding\":\"0 17.5% 0 0\",\"mobiPadding\":\"0\",\"margin\":\"0\",\"mobiMargin\":\"0\",\"borderStyleHover\":\"solid\"}' data-wow-duration=\"0.75s\" data-wow-delay=\"0.3s\">\r\n\t\t\t\t\t<div class=\"inner \" style=\"\">\r\n\t\t\t\t\t\t<h2 class=\"deeper-text align-left \" style=\"font-size:15px;line-height:24px;letter-spacing:0.25px;margin-bottom:25px;color:#81d742;\" ><span>Somos su mejor opci\u00f3n<\/span>\n<\/h2><div class=\"deeper-special-text style-1 align-left \" style=\"margin:0 0 40px;\"  data-inviewport=\"yes\">\r\n\t\t\t\t\t\t<div class=\"inner\">\r\n\t\t\t\t\t\t\t<h2 class=\"text \" style=\"font-size:28px;line-height:34px;padding:0 0 20px;\"><p class=\"font_0\">Le ofrecemos el servicio de mantenimientos habituales y atendemos todo tipo de urgencias, brindando el servicio en las 24 horas del d\u00eda.<\/span>\n<\/h2>\r\n\t\t\t\t\t\t\t<span class=\"line  bg-accent\" style=\"width:80px;height:2px;\"><\/span>\r\n\t\t\t\t\t\t<\/div>\r\n\t\t\t\t\t<\/div><div class=\"deeper-text align-left \" style=\"font-size:18px;line-height:27px;margin-bottom:45px;\" ><div id=\"SITE_PAGES\">\n<div class=\"_2YGAo\">\n<div id=\"p06bt\" class=\"Ry26q\">\n<div class=\"_3K7uv\">\n<div id=\"Containerp06bt\" class=\"_1KV2M\">\n<div class=\"\" data-mesh-id=\"Containerp06btinlineContent\" data-testid=\"inline-content\">\n<div data-mesh-id=\"Containerp06btinlineContent-gridContainer\" data-testid=\"mesh-container-content\">\n<section id=\"comp-kb64gwsm\" class=\"_3d64y\">\n<div class=\"_1uldx\" data-testid=\"columns\">\n<div id=\"comp-kb64gwtk1\" class=\"_1vNJf\">\n<div class=\"\" data-mesh-id=\"comp-kb64gwtk1inlineContent\" data-testid=\"inline-content\">\n<div data-mesh-id=\"comp-kb64gwtk1inlineContent-gridContainer\" data-testid=\"mesh-container-content\">\n<div id=\"comp-kb6609bu\" class=\"_1Q9if\" data-testid=\"richTextElement\">\n<p class=\"font_8\">Nos identificamos por contar con personal disponible, por lo que la situaci\u00f3n de urgencia es atendida prontamente, pensando en brindarle una atenci\u00f3n priorizada para sus necesidades.<\/span>\n<\/div>\n<\/div>\n<\/div>\n<\/div>\n<\/div>\n<\/section>\n<\/div>\n<\/div>\n<\/div>\n<\/div>\n<\/div>\n<\/div>\n<\/div>\n<\/div><div class=\"deeper-text align-left \" style=\"font-size:18px;line-height:27px;margin-bottom:45px;\" ><div id=\"SITE_PAGES\">\n<div class=\"_2YGAo\">\n<div id=\"p06bt\" class=\"Ry26q\">\n<div class=\"_3K7uv\">\n<div id=\"Containerp06bt\" class=\"_1KV2M\">\n<div class=\"\" data-mesh-id=\"Containerp06btinlineContent\" data-testid=\"inline-content\">\n<div data-mesh-id=\"Containerp06btinlineContent-gridContainer\" data-testid=\"mesh-container-content\">\n<section id=\"comp-kb64gwsm\" class=\"_3d64y\">\n<div class=\"_1uldx\" data-testid=\"columns\">\n<div id=\"comp-kb64gwtk1\" class=\"_1vNJf\">\n<div class=\"\" data-mesh-id=\"comp-kb64gwtk1inlineContent\" data-testid=\"inline-content\">\n<div data-mesh-id=\"comp-kb64gwtk1inlineContent-gridContainer\" data-testid=\"mesh-container-content\">\n<div id=\"comp-kb6609bu\" class=\"_1Q9if\" data-testid=\"richTextElement\">\n<p class=\"font_8\">No omitimos indicarles que estamos a su disposici\u00f3n en resolver su situaci\u00f3n de obstrucciones, por lo que no dude en comunicarse con nuestra empresa, brind\u00e1ndole los mejores precios y atenci\u00f3n profesional.<\/span>\n<\/div>\n<\/div>\n<\/div>\n<\/div>\n<\/div>\n<\/section>\n<\/div>\n<\/div>\n<\/div>\n<\/div>\n<\/div>\n<\/div>\n<\/div>\n<\/div><div class=\"deeper-spacer clearfix\" data-config='{\"desktop\":100,\"mobile\":80,\"smobile\":60}'><\/div>\r\n\t\t\t\t\t<\/div>\r\n\t\t\t\t\t\r\n\t\t\t\t<\/div>[\/vc_column][\/vc_row][vc_row][vc_column]<div class=\"deeper-spacer clearfix\" data-config='{\"desktop\":50,\"mobile\":80,\"smobile\":60}'><\/div><div class=\"url-wrap  align-left\">\r\n\t\t\t\t\t\t<a class=\"deeper-button button-accent medium\" style=\"\" href=tel:50661577774 >\u00a1Llam\u00e1 ahora!<\/a>\r\n\t\t\t\t\t<\/div><div class=\"deeper-spacer clearfix\" data-config='{\"desktop\":50,\"mobile\":80,\"smobile\":60}'><\/div>[\/vc_column][\/vc_row]<\/p>\n<\/div>","protected":false},"excerpt":{"rendered":"<p>[vc_row][vc_column][vc_row_inner equal_height=\u00bbyes\u00bb content_placement=\u00bbmiddle\u00bb column_inner_spacing=\u00bb30px\u00bb][vc_column_inner offset=\u00bbvc_col-md-6&#8243;][\/vc_column_inner][vc_column_inner offset=\u00bbvc_col-md-6&#8243;][\/vc_column_inner][\/vc_row_inner][\/vc_column][\/vc_row][vc_row][vc_column width=\u00bb1\/2&#8243;][vc_hoverbox image=\u00bb4801&#8243; primary_title=\u00bb\u00bb primary_title_font_container=\u00bbcolor:%23000000&#8243; hover_title=\u00bbVisi\u00f3n\u00bb hover_title_font_container=\u00bbcolor:%2385bf81&#8243; use_custom_fonts_primary_title=\u00bbtrue\u00bb use_custom_fonts_hover_title=\u00bbtrue\u00bb]Ser una empresa costarricense consolidada en el servicio al cliente, brindado a nuestros clientes un trato digno, respetuoso, seguro y un trabajo de calidad, ofreciendo los mejores precios del mercado[\/vc_hoverbox][\/vc_column][vc_column width=\u00bb1\/2&#8243;][vc_hoverbox image=\u00bb4802&#8243; primary_title=\u00bb\u00bb primary_title_font_container=\u00bbcolor:%23000000&#8243; hover_title=\u00bbMisi\u00f3n\u00bb hover_title_font_container=\u00bbcolor:%2385bf81&#8243; use_custom_fonts_primary_title=\u00bbtrue\u00bb use_custom_fonts_hover_title=\u00bbtrue\u00bb]Avanzar en el desarrollo de un servicio moderno, facilitando a nuestros<\/p>\n","protected":false},"author":1,"featured_media":0,"parent":0,"menu_order":0,"comment_status":"closed","ping_status":"closed","template":"","meta":{"footnotes":""},"class_list":["post-14","page","type-page","status-publish","hentry"],"_links":{"self":[{"href":"https:\/\/jymdrenajesdestaqueos.com\/index.php?rest_route=\/wp\/v2\/pages\/14","targetHints":{"allow":["GET"]}}],"collection":[{"href":"https:\/\/jymdrenajesdestaqueos.com\/index.php?rest_route=\/wp\/v2\/pages"}],"about":[{"href":"https:\/\/jymdrenajesdestaqueos.com\/index.php?rest_route=\/wp\/v2\/types\/page"}],"author":[{"embeddable":true,"href":"https:\/\/jymdrenajesdestaqueos.com\/index.php?rest_route=\/wp\/v2\/users\/1"}],"replies":[{"embeddable":true,"href":"https:\/\/jymdrenajesdestaqueos.com\/index.php?rest_route=%2Fwp%2Fv2%2Fcomments&post=14"}],"version-history":[{"count":0,"href":"https:\/\/jymdrenajesdestaqueos.com\/index.php?rest_route=\/wp\/v2\/pages\/14\/revisions"}],"wp:attachment":[{"href":"https:\/\/jymdrenajesdestaqueos.com\/index.php?rest_route=%2Fwp%2Fv2%2Fmedia&parent=14"}],"curies":[{"name":"wp","href":"https:\/\/api.w.org\/{rel}","templated":true}]}}